{"id":535,"date":"2019-03-10T01:32:18","date_gmt":"2019-03-09T21:32:18","guid":{"rendered":"https:\/\/azeraskerov.az\/?page_id=535"},"modified":"2023-04-28T04:12:27","modified_gmt":"2023-04-28T00:12:27","slug":"biography","status":"publish","type":"page","link":"https:\/\/azeraskerov.az\/en\/biography\/","title":{"rendered":"BIOGRAPHY"},"content":{"rendered":"<p>Az\u0259r \u018fsg\u0259rov 29 may 1966-c\u0131 ild\u0259 Bak\u0131da ziyal\u0131 ail\u0259sind\u0259 d\u00fcnyaya g\u0259lib. 1973-c\u00fc ild\u0259 Bak\u0131dak\u0131 ingilis dili t\u0259may\u00fcll\u00fc 189 n\u00f6mr\u0259li m\u0259kt\u0259bin 1-ci sinfin\u0259 gedib. Eyni vaxtda valideynl\u0259ri onu s\u0259rb\u0259st g\u00fcl\u0259\u015f b\u00f6lm\u0259sin\u0259 yazd\u0131r\u0131blar. H\u0259min d\u00f6vrd\u0259 ke\u00e7mi\u015f SSR\u0130-d\u0259 c\u00fcdo idman n\u00f6v\u00fc il\u0259 m\u0259\u015f\u011ful olma\u011fa r\u0259smi icaz\u0259 verildiyi \u00fc\u00e7\u00fcn Bak\u0131da da c\u00fcd\u00f6 b\u00f6lm\u0259l\u0259ri a\u00e7\u0131l\u0131b. Az\u0259r \u018fsg\u0259rov 1975-ci ild\u0259n c\u00fcdo il\u0259 m\u0259\u015f\u011ful olma\u011fa ba\u015flay\u0131b.<\/p>\n<p>1976-c\u0131 ild\u0259n Az\u0259r \u018fsg\u0259rov orta t\u0259hsilini respublika olimpiya ehtyatlar\u0131 idman m\u0259kt\u0259bind\u0259 (indiki Olimpiya \u0130dman Liseyi) davam etdirib. Onun ilk m\u0259\u015fq\u00e7isi Ruslan Abdullayev olub. 23 ya\u015fl\u0131 g\u0259nc m\u0259\u015fq\u00e7i b\u00f6lm\u0259y\u0259 g\u0259l\u0259n u\u015faqlara \u00e7ox b\u00f6y\u00fck h\u0259v\u0259sl\u0259 c\u00fcdonun sirl\u0259rini \u00f6yr\u0259dirmi\u015f&#8230;<\/p>\n<p>1983-c\u00fc ild\u0259 orta m\u0259kt\u0259bi bitir\u0259rk\u0259n o, art\u0131q idman ustal\u0131\u011f\u0131na namiz\u0259d idi. H\u0259min il Az\u0259r \u018fsg\u0259rov Az\u0259rbaycan D\u00f6vl\u0259t B\u0259d\u0259n T\u0259rbiy\u0259si v\u0259 idman \u0130nstituna (indi Akademiyad\u0131r) daxil olub.\u00a0 Ali m\u0259kt\u0259bin birinci kursunda oxuyark\u0259n c\u00fcdo \u00fczr\u0259 respublika \u00e7empionat\u0131nda i\u015ftirak edib v\u0259 m\u00fckafata layiq yer tutmaqla idman ustas\u0131 normas\u0131n\u0131 \u00f6d\u0259yib. Bel\u0259likl\u0259, 1984-c\u00fc ild\u0259 h\u0259rbi xidm\u0259t\u0259 idman ustas\u0131 kimi yollan\u0131b.<\/p>\n<p>Moskva vilay\u0259tinin Odintsovo \u015f\u0259h\u0259rind\u0259 h\u0259rbi t\u0259lim-t\u0259dris m\u0259rk\u0259zind\u0259 xidm\u0259t\u0259 ba\u015flay\u0131b v\u0259 h\u0259min d\u00f6vrd\u0259 Moskva H\u0259rbi Dair\u0259sinin idman \u015f\u0259r\u0259fini qoruyub. SSR\u0130 Silahl\u0131 Q\u00fcvv\u0259l\u0259rinin idman yar\u0131\u015flar\u0131nda h\u0259l\u0259 c\u00fcdoya yer verilm\u0259diyi \u00fc\u00e7\u00fcn s\u0259rb\u0259st v\u0259 yunan-Roma g\u00fcl\u0259\u015fi, sambo \u00fczr\u0259 birincilikl\u0259rd\u0259 i\u015ftirak edib v\u0259 m\u00fckafatlar qazan\u0131b.<\/p>\n<p>H\u0259rbi xidm\u0259tdini ba\u015fa \u00e7atd\u0131rd\u0131qdan sonra Az\u0259r \u018fsg\u0259rv ali t\u0259hsilini davam etdirib v\u0259 1989-cu ild\u0259 institutu m\u0259\u015fq\u00e7i-m\u00fc\u0259llim ixtisas\u0131 il\u0259 bitirir. H\u0259min d\u00f6vrd\u0259 sovet iqtisadiyyat\u0131nda ba\u015flanm\u0131\u015f islahatlar n\u0259tic\u0259sind\u0259 m\u00fcxt\u0259lif sah\u0259l\u0259rd\u0259 \u015f\u0259xsi v\u0259 kollektiv biznesl\u0259 m\u0259\u015f\u011ful olma\u011fa imkan yaranm\u0131\u015fd\u0131. Az\u0259r \u018fsg\u0259rov q\u0259nnad\u0131 v\u0259 \u00e7\u00f6r\u0259k m\u0259mulatlar\u0131 istehsal\u0131 \u00fczr\u0259 biznes\u0259 ba\u015flama\u011f\u0131 q\u0259rara al\u0131r. Bu m\u0259qs\u0259dl\u0259 dostlar\u0131 il\u0259 birlikd\u0259 kooperativ yarad\u0131r. Az sonra ictimai ia\u015f\u0259 sah\u0259sind\u0259 \u00f6z\u00fcn\u00fc s\u0131nay\u0131r.<\/p>\n<p>Az\u0259rbaycanda m\u00fcst\u0259qil d\u00f6vl\u0259t quruculu\u011fu v\u0259 yeni iqitisadi m\u00fcnasib\u0259tl\u0259r\u0259 ke\u00e7id ba\u015flananda Az\u0259r \u018fsg\u0259rovun art\u0131q \u00f6z\u0259l sektorda m\u00fc\u0259yy\u0259n t\u0259cr\u00fcb\u0259si vard\u0131. Respublikada \u0259lveri\u015fli bizn\u00fcs m\u00fchitinin yarad\u0131ld\u0131\u011f\u0131, sahibkarl\u0131\u011f\u0131n inki\u015faf\u0131na d\u00f6vl\u0259t d\u0259st\u0259yi g\u00f6st\u0259rildiyi bir vaxtda o, daha b\u00f6y\u00fck layih\u0259l\u0259rd\u0259 i\u015ftirak etm\u0259k q\u0259rar\u0131na g\u0259lir. \u00c7\u00f6r\u0259kbi\u015firm\u0259 sah\u0259sind\u0259ki fa\u0259liyy\u0259ti zaman\u0131 Az\u0259r \u018fsg\u0259rov \u00f6lk\u0259mizd\u0259 tax\u0131l m\u0259hsullar\u0131na y\u00fcks\u0259k t\u0259l\u0259bat oldu\u011fundan yax\u015f\u0131 x\u0259b\u0259rdar idi. Buna g\u00f6r\u0259 d\u0259 1997-ci ild\u0259n Qazax\u0131standan Az\u0259rbaycana tax\u0131l idxal\u0131 il\u0259 m\u0259\u015f\u011ful olma\u011fa ba\u015flay\u0131r. 1999-cu ild\u0259n is\u0259 \u00f6z biznesini Qazax\u0131stana k\u00f6\u00e7\u00fcr\u00fcr v\u0259 2003-c\u00fc il\u0259d\u0259k bu \u00f6lk\u0259d\u0259n Az\u0259rbaycana tax\u0131l t\u0259dar\u00fck\u00fcnd\u0259 f\u0259al i\u015ftirak edir.<\/p>\n<p>Az\u0259rbaycan Respublikas\u0131n\u0131n Prezidenti \u0130lham \u018fliyevin 1-2 mart 2004-c\u00fc ild\u0259 Qazax\u0131stana s\u0259f\u0259ri zaman\u0131 burada ya\u015fay\u0131b-i\u015fl\u0259y\u0259n az\u0259rbaycanl\u0131 i\u015f adamlar\u0131na \u00e7a\u011f\u0131r\u0131\u015f\u0131, onlar\u0131 \u00f6z v\u0259t\u0259nl\u0259rin\u0259 investisiya qoyma\u011fa d\u0259v\u0259t etm\u0259si Az\u0259r \u018fsg\u0259rovun da biznes f\u0259aliyy\u0259tind\u0259 d\u00f6n\u00fc\u015f yarad\u0131b. H\u0259min vaxt o, tax\u0131l t\u0259dar\u00fck\u00fc il\u0259 yana\u015f\u0131 Qazax\u0131stan\u0131n in\u015faat sektorunda da u\u011furlu layih\u0259l\u0259r h\u0259yata ke\u00e7irirdi. Az\u0259rbaycan r\u0259hb\u0259rinin \u00e7a\u011f\u0131r\u0131\u015f\u0131 il\u0259 Bak\u0131ya \u00fcz tutan Az\u0259r \u018fsg\u0259rov burada tikinti i\u015fl\u0259ri m\u0259\u015f\u011ful olmaq \u00fc\u00e7\u00fcn \u201cAz\u0130mport\u201d \u015firk\u0259tini yarad\u0131r. D\u00f6vl\u0259t ba\u015f\u00e7\u0131s\u0131n\u0131n sahibkarl\u0131\u011f\u0131n inki\u015faf\u0131na g\u00f6st\u0259rdiyi d\u0259st\u0259kd\u0259n ruhlanaraq tikinti sektorunda f\u0259aliyy\u0259t\u0259 ba\u015flayan i\u015f adam\u0131n\u0131n ilk layih\u0259l\u0259ri \u00f6z\u00fcn\u00fcn m\u00fcasirliyi v\u0259 keyfiyy\u0259ti diqq\u0259ti c\u0259lb edir. Bundan sonra Az\u0259r \u018fsg\u0259rovun \u015firk\u0259ti d\u00f6vl\u0259t sifari\u015fl\u0259rinin icras\u0131nda i\u015ftirak etm\u0259y\u0259 d\u0259v\u0259t olunur.<\/p>\n<p>Bu sah\u0259d\u0259 h\u0259yata ke\u00e7iril\u0259n ilk layih\u0259 Bak\u0131 \u015f\u0259h\u0259rind\u0259ki M.\u018f.Sabir ba\u011f\u0131n\u0131n yenid\u0259n qurulmas\u0131d\u0131r. B\u0259rbad v\u0259ziyy\u0259t\u0259 d\u00fc\u015fm\u00fc\u015f ba\u011f milli arxitektura \u0259n\u0259n\u0259l\u0259ri \u0259sas\u0131nda tamamil\u0259 yenid\u0259n qurulur. 2008-ci ilin Novruz bayram\u0131 \u0259r\u0259f\u0259sind\u0259 ba\u011f \u015f\u0259h\u0259r sakinl\u0259rinin istifad\u0259sin\u0259 verilir. Ba\u011f\u0131n a\u00e7\u0131l\u0131\u015f\u0131nda i\u015ftirak ed\u0259n Prezident \u0130lham \u018fliyev burada g\u00f6r\u00fclm\u00fc\u015f i\u015fl\u0259ri y\u00fcks\u0259k qiym\u0259tl\u0259ndirir. Bundan sonra paytaxt\u0131n abadla\u015fd\u0131r\u0131lmas\u0131 \u00fczr\u0259 bir s\u0131ra dig\u0259r layih\u0259l\u0259rin icras\u0131 da Az\u0259r \u018fsg\u0259rovun \u015firk\u0259tin\u0259 tap\u015f\u0131r\u0131l\u0131r. Daha sonra paytaxt\u0131n 6, 18, 23, 41, 132, 134 n\u00f6mr\u0259li m\u0259kt\u0259bl\u0259rinin yeni binalar\u0131n\u0131n tikintisi h\u0259yata ke\u00e7irilir.<\/p>\n<p>2008-ci ild\u0259 Bak\u0131n\u0131n D\u0259nizk\u0259nar\u0131 bulvar\u0131n\u0131n \u00fc\u00e7 kilometrlik m\u00f6vcud hiss\u0259sinin t\u0259miri u\u011furla ba\u015fa \u00e7atd\u0131rl\u0131r. Burada g\u00f6r\u00fcl\u0259n i\u015fl\u0259r d\u0259 y\u00fcks\u0259k qiym\u0259tl\u0259ndirilir v\u0259 2014-c\u00fc il\u0259d\u0259k \u201cAz\u0130mport\u201d D\u0259nizk\u0259nar\u0131 bulvar\u0131n 16 kilometr\u0259d\u0259k uzad\u0131lmas\u0131 i\u015fl\u0259rini yerin\u0259 yetirir. Bu zaman m\u0259\u015fhur \u201cVenesiya\u201d kafesi tamamil\u0259 yenid\u0259n qurulur. 2007-ci ld\u0259n 2014-c\u00fc il\u0259d\u0259k olan m\u00fcdd\u0259td\u0259 \u201cAz\u0130mport\u201d Bayraq meydan\u0131n\u0131n \u0259traf\u0131nda 65 hektar \u0259razini abadla\u015fd\u0131r\u0131r:\u00a0 yollar \u00e7\u0259kir, s\u0259kil\u0259r d\u00fcz\u0259ldir, ya\u015f\u0131lla\u015fd\u0131rma v\u0259 i\u015f\u0131qland\u0131rma i\u015fl\u0259ri g\u00f6r\u00fcr&#8230; D\u0259nizk\u0259nar\u0131 bulvar\u0131n \u00fcmumi \u0259razisinin Bibiheyb\u0259td\u0259n A\u011f \u015f\u0259h\u0259r\u0259d\u0259k\u00a0 &#8211; 2,45 kilometrd\u0259n 16 kilometr\u0259 \u00e7atd\u0131r\u0131lmas\u0131 i\u015fl\u0259rini b\u00fct\u00fcnl\u00fckl\u0259 \u201cAz\u0130mport\u201d \u015firk\u0259ti yerin\u0259 yetirib. Heyd\u0259r \u018fliyev Hava Liman\u0131na ged\u0259n magistral yolun \u0259traf\u0131n\u0131n abadla\u015fd\u0131r\u0131lmas\u0131 da bu \u015firk\u0259tin icra etdiyi irimiqyasl\u0131 layih\u0259l\u0259rd\u0259ndir. Bundan ba\u015fqa, \u201cAz\u0130mport\u201d \u015f\u0259h\u0259r\u0259traf\u0131 q\u0259s\u0259b\u0259l\u0259rin abadla\u015fd\u0131r\u0131lmas\u0131nda da i\u015ftirak edib.<\/p>\n<p>\u201cBu i\u015fl\u0259r c\u0259nab Prezident \u0130lham \u018fliyevin t\u0259\u015f\u0259bb\u00fcs\u00fc il\u0259 h\u0259yata ke\u00e7irilib. Paytaxt\u0131n m\u00fcasir simas\u0131n\u0131n m\u00fc\u0259yy\u0259nl\u0259\u015fdirilm\u0259si c\u0259nab Prezidentin ad\u0131 il\u0259 ba\u011fl\u0131d\u0131r. Biz\u0259 is\u0259 b\u00f6y\u00fck etimad g\u00f6st\u0259ril\u0259r\u0259k bu i\u015fl\u0259rin icras\u0131 etibar edilib. H\u0259mi\u015f\u0259 \u00e7al\u0131\u015fm\u0131\u015f\u0131q ki, etimad\u0131 do\u011fruldaq\u201d, &#8211; Az\u0259r \u018fsg\u0259rov bel\u0259 deyir. Bununla yana\u015f\u0131 qeyd edir ki, o d\u00f6vrd\u0259 paytaxtda apar\u0131lan tikinti-abadl\u0131q i\u015fl\u0259rinin icras\u0131na n\u0259zar\u0259ti h\u0259yata ke\u00e7ir\u0259n Az\u0259rbaycan Prezidentinin iqtisadi m\u0259s\u0259l\u0259l\u0259r \u00fczr\u0259 k\u00f6m\u0259k\u00e7isi \u2013 \u015f\u00f6b\u0259 m\u00fcdiri \u018fli \u018fs\u0259dovun d\u0259y\u0259rli t\u00f6vsiy\u0259l\u0259ri, pe\u015f\u0259kar m\u0259sl\u0259h\u0259tl\u0259ri \u015firk\u0259tin u\u011furlu f\u0259aliyy\u0259ti v\u0259 s\u0259m\u0259r\u0259li f\u0259aliyy\u0259tind\u0259 m\u00fch\u00fcm rol oynay\u0131b.<\/p>\n<p>Az\u0259r \u018fsg\u0259rov haz\u0131rda tikinti il\u0259 yana\u015f\u0131, mehmanxana v\u0259 restoran biznesi il\u0259,\u00a0 aqrobiznesl\u0259 m\u0259\u015f\u011ful olur, h\u0259m\u00e7inin c\u00fcdonun inki\u015faf\u0131na k\u00f6m\u0259k g\u00f6st\u0259rir, h\u0259tta m\u0259\u015fq\u00e7ilik etm\u0259y\u0259 d\u0259 vaxt tap\u0131r.<\/p>\n<p>Atas\u0131 Z\u0259limxan M\u0259h\u0259mm\u0259d o\u011flu \u018fsg\u0259rov Bak\u0131da anadan olub. Az\u0259rbaycan B\u0259d\u0259n T\u0259rbiy\u0259si v\u0259 \u0130dman \u0130nstitutunu bitirib. Boks m\u0259\u015fq\u00e7isi i\u015fl\u0259yib.<\/p>\n<p>Anas\u0131 Qas\u0131mova Elmira \u018fliheyd\u0259r q\u0131z\u0131 metallurgiya m\u00fch\u0259ndisi olub, \u201cT\u0259krar\u0259lvanmetal\u201d\u00a0 m\u00fc\u0259ssis\u0259sind\u0259 i\u015fl\u0259yib.<\/p>\n<p>Az\u0259r \u018fsg\u0259rov 1992-ci ild\u0259 ail\u0259 h\u0259yat\u0131 qurub. Q\u0131z\u0131 1993-c\u00fc ild\u0259, o\u011flu 2000-ci ild\u0259 anadan olublar. Q\u0131z\u0131 ail\u0259lidir, iki \u00f6vlad\u0131 var.<\/p>\n","protected":false},"excerpt":{"rendered":"<p>Az\u0259r \u018fsg\u0259rov 29 may 1966-c\u0131 ild\u0259 Bak\u0131da ziyal\u0131 ail\u0259sind\u0259 d\u00fcnyaya g\u0259lib. 1973-c\u00fc ild\u0259 Bak\u0131dak\u0131 ingilis dili t\u0259may\u00fcll\u00fc 189 n\u00f6mr\u0259li m\u0259kt\u0259bin 1-ci sinfin\u0259 gedib. Eyni vaxtda valideynl\u0259ri onu s\u0259rb\u0259st g\u00fcl\u0259\u015f b\u00f6lm\u0259sin\u0259 yazd\u0131r\u0131blar. H\u0259min d\u00f6vrd\u0259 ke\u00e7mi\u015f SSR\u0130-d\u0259 c\u00fcdo idman n\u00f6v\u00fc il\u0259 m\u0259\u015f\u011ful olma\u011fa r\u0259smi icaz\u0259 verildiyi \u00fc\u00e7\u00fcn Bak\u0131da da c\u00fcd\u00f6 b\u00f6lm\u0259l\u0259ri a\u00e7\u0131l\u0131b. Az\u0259r \u018fsg\u0259rov 1975-ci ild\u0259n c\u00fcdo<\/p>\n","protected":false},"author":1,"featured_media":0,"parent":0,"menu_order":0,"comment_status":"closed","ping_status":"closed","template":"","meta":{"footnotes":""},"class_list":["post-535","page","type-page","status-publish","hentry"],"_links":{"self":[{"href":"https:\/\/azeraskerov.az\/en\/wp-json\/wp\/v2\/pages\/535","targetHints":{"allow":["GET"]}}],"collection":[{"href":"https:\/\/azeraskerov.az\/en\/wp-json\/wp\/v2\/pages"}],"about":[{"href":"https:\/\/azeraskerov.az\/en\/wp-json\/wp\/v2\/types\/page"}],"author":[{"embeddable":true,"href":"https:\/\/azeraskerov.az\/en\/wp-json\/wp\/v2\/users\/1"}],"replies":[{"embeddable":true,"href":"https:\/\/azeraskerov.az\/en\/wp-json\/wp\/v2\/comments?post=535"}],"version-history":[{"count":0,"href":"https:\/\/azeraskerov.az\/en\/wp-json\/wp\/v2\/pages\/535\/revisions"}],"wp:attachment":[{"href":"https:\/\/azeraskerov.az\/en\/wp-json\/wp\/v2\/media?parent=535"}],"curies":[{"name":"wp","href":"https:\/\/api.w.org\/{rel}","templated":true}]}}