{"id":2106,"date":"2019-02-28T01:30:42","date_gmt":"2019-02-27T21:30:42","guid":{"rendered":"https:\/\/azeraskerov.az\/video-gallery\/"},"modified":"2021-03-13T02:40:21","modified_gmt":"2021-03-12T22:40:21","slug":"video-gallery","status":"publish","type":"page","link":"https:\/\/azeraskerov.az\/ru\/video-gallery\/","title":{"rendered":"\u0412\u0418\u0414\u0415\u041e \u0413\u0410\u041b\u0415\u0420\u0415\u042f"},"content":{"rendered":"<div id=\"eluideba75396\" class=\"eluid4a593e44 col-md-6 col-sm-12 znColumnElement\">\n<div class=\"znColumnElement-innerWrapper-eluid4a593e44 znColumnElement-innerWrapper znColumnElement-innerWrapper--valign-center znColumnElement-innerWrapper--halign-left \">\n<div class=\"znColumnElement-innerContent\">\n<div class=\"kl-title-block clearfix tbk--text- tbk--left text-left tbk-symbol-- tbk-icon-pos--after-title eluid96cfe882 \">\n<p class=\"tbk__subtitle\"><strong>H\u0259yat\u0131n bir an\u0131 &#8212; foto\u015f\u0259kill\u0259rd\u0259<\/strong><\/p>\n<\/div>\n<\/div>\n<\/div>\n<\/div>\n<div id=\"eluid33070648\" class=\"eluid21c1e6c4 col-md-6 col-sm-12 znColumnElement\" data-anim-delay=\"700ms\">\n<div class=\"znColumnElement-innerWrapper-eluid21c1e6c4 znColumnElement-innerWrapper znColumnElement-innerWrapper--valign-center znColumnElement-innerWrapper--halign-left \">\n<div class=\"znColumnElement-innerContent\">\n<div class=\"znSmartCarousel eluidadb75650 znSmartCarousel-hasPreloader znSmartCarouselMode--view element-scheme--light is-initialised\">\n<div class=\"znSmartCarousel-loadingContainer\">\n<div class=\"znSmartCarousel-nav znSmartCarousel-navPosition--top-left znSmartCarousel-navStyle--default\">\u0130\u015e<\/div>\n<div>A\u0130L\u018f<\/div>\n<\/div>\n<div>ASUD\u018f VAXT<\/div>\n<div>DOSTLAR<\/div>\n<div>\u0130DMAN<\/div>\n<div>D\u00dcNYA M\u018f\u015eHURLARI \u0130L\u018f<\/div>\n<\/div>\n<\/div>\n<\/div>\n<\/div>\n","protected":false},"excerpt":{"rendered":"<p>H\u0259yat\u0131n bir an\u0131 &#8212; foto\u015f\u0259kill\u0259rd\u0259 \u0130\u015e A\u0130L\u018f ASUD\u018f VAXT DOSTLAR \u0130DMAN D\u00dcNYA M\u018f\u015eHURLARI \u0130L\u018f<\/p>\n","protected":false},"author":1,"featured_media":0,"parent":0,"menu_order":0,"comment_status":"closed","ping_status":"closed","template":"","meta":{"footnotes":""},"class_list":["post-2106","page","type-page","status-publish","hentry"],"_links":{"self":[{"href":"https:\/\/azeraskerov.az\/ru\/wp-json\/wp\/v2\/pages\/2106","targetHints":{"allow":["GET"]}}],"collection":[{"href":"https:\/\/azeraskerov.az\/ru\/wp-json\/wp\/v2\/pages"}],"about":[{"href":"https:\/\/azeraskerov.az\/ru\/wp-json\/wp\/v2\/types\/page"}],"author":[{"embeddable":true,"href":"https:\/\/azeraskerov.az\/ru\/wp-json\/wp\/v2\/users\/1"}],"replies":[{"embeddable":true,"href":"https:\/\/azeraskerov.az\/ru\/wp-json\/wp\/v2\/comments?post=2106"}],"version-history":[{"count":0,"href":"https:\/\/azeraskerov.az\/ru\/wp-json\/wp\/v2\/pages\/2106\/revisions"}],"wp:attachment":[{"href":"https:\/\/azeraskerov.az\/ru\/wp-json\/wp\/v2\/media?parent=2106"}],"curies":[{"name":"wp","href":"https:\/\/api.w.org\/{rel}","templated":true}]}}